{"id":502,"date":"2020-12-23T10:10:37","date_gmt":"2020-12-23T10:10:37","guid":{"rendered":"https:\/\/gervisuals.com\/politica-de-cookies\/"},"modified":"2020-12-23T16:46:12","modified_gmt":"2020-12-23T16:46:12","slug":"politica-de-cookies","status":"publish","type":"page","link":"https:\/\/gervisuals.com\/en\/cookie-policy\/","title":{"rendered":"Cookie Policy"},"content":{"rendered":"<h2>\u00bfQu\u00e9 son las cookies?<\/h2>\n\n<p>\n\tEn ingl\u00e9s, el t\u00e9rmino &quot;cookie&quot; significa galleta, pero en el \u00e1mbito de la navegaci\u00f3n web, una &quot;cookie&quot; es algo completamente distinto. Cuando accede a nuestro Sitio Web, en el navegador de su dispositivo se almacena una peque\u00f1a cantidad de texto que se denomina &quot;cookie&quot;. Este texto contiene informaci\u00f3n variada sobre su navegaci\u00f3n, h\u00e1bitos, preferencias, personalizaciones de contenidos, etc...\n<\/p>\n\n<p>\n\tExisten otras tecnolog\u00edas que funcionan de manera similar y que tambi\u00e9n se usan para recopilar datos sobre tu actividad de navegaci\u00f3n. Llamaremos &quot;cookies&quot; a todas estas tecnolog\u00edas en su conjunto.\n<\/p>\n\n<p>\n\tLos usos concretos que hacemos de estas tecnolog\u00edas se describen en el presente documento.\n<\/p>\n\n<h2>\u00bfPara qu\u00e9 se utilizan las cookies en esta web?<\/h2>\n\n<p>\n\tLas cookies son una parte esencial de c\u00f3mo funciona el Sitio Web. El objetivo principal de nuestras cookies es mejorar su experiencia en la navegaci\u00f3n. Por ejemplo, para recordar sus preferencias (idioma, pa\u00eds, etc.) durante la navegaci\u00f3n y en futuras visitas. La informaci\u00f3n recogida en las cookies nos permite adem\u00e1s mejorar la web, adaptarla a sus intereses como usuario, acelerar las b\u00fasquedas que realice, etc..\n<\/p>\n\n<p>\n\tEn determinados casos, si hemos obtenido su previo consentimiento informado, podremos utilizar cookies para otros usos, como por ejemplo para obtener informaci\u00f3n que nos permita mostrarle publicidad basada en el an\u00e1lisis de sus h\u00e1bitos de navegaci\u00f3n.\n<\/p>\n\n<h2>\u00bfPara qu\u00e9 NO se utilizan las cookies en esta web?<\/h2>\n\n<p>\n\tEn las cookies que utilizamos no se almacena informaci\u00f3n sensible de identificaci\u00f3n personal como su nombre, direcci\u00f3n, tu contrase\u00f1a, etc...\n<\/p>\n\n<h2>\u00bfQui\u00e9n utiliza la informaci\u00f3n almacenada en las cookies?<\/h2>\n\n<p>\n\tLa informaci\u00f3n almacenada en las cookies de nuestro Sitio Web es utilizada exclusivamente por nosotros, a excepci\u00f3n de aquellas identificadas m\u00e1s adelante como &quot;cookie de terceros&quot;, que son utilizadas y gestionadas por entidades externas que nos proporcionan servicios que mejoran la experiencia del usuario. Por ejemplo las estad\u00edsticas que se recogen sobre el n\u00famero de visitas, el contenido que m\u00e1s gusta, etc... lo suele gestionar Google Analytics.\n<\/p>\n\n<p>\n\tLas cookies de terceros tambi\u00e9n se suelen utilizar para garantizar las operaciones de pago realizadas a trav\u00e9s del Sitio Web.\n<\/p>\n\n<h2>\u00bfC\u00f3mo puede evitar el uso de cookies en este Sitio Web?<\/h2>\n\n<p>\n\tSi prefiere evitar el uso de las cookies, puede RECHAZAR su uso o puede CONFIGURAR las que quiere evitar y las que permite utilizar (en este documento le damos informaci\u00f3n ampliada al respecto de cada tipo de cookie, su finalidad, destinatario, temporalidad, etc... ).\n<\/p>\n\n<p>\n\tSi las ha aceptado, no volveremos a preguntarle a menos que borre las cookies en su dispositivo seg\u00fan se indica en el apartado siguiente. Si quiere revocar el consentimiento tendr\u00e1 que eliminar las cookies y volver a configurarlas.\n<\/p>\n\n\n<h2>\u00bfC\u00f3mo deshabilito y elimino la utilizaci\u00f3n de cookies?<\/h2>\n\n<p>\nEl Titular muestra informaci\u00f3n sobre su Pol\u00edtica de cookies en el banner de cookies accesible en todas las p\u00e1ginas del Sitio Web. El banner de cookies muestra informaci\u00f3n esencial sobre el tratamiento de datos y permite al Usuario realizar las siguientes acciones:\n<\/p>\n<p>\n<ul>\n  <li>ACEPTAR o RECHAZAR la instalaci\u00f3n de cookies, o retirar el consentimiento previamente otorgado.<\/li>\n  <li>Cambiar las preferencias de cookies desde la p\u00e1gina Personalizar Cookies, a la que puede acceder desde el Aviso de Cookies o desde la p\u00e1gina de <a href=\"https:\/\/gervisuals.com\/en\/customize-cookies\/\">Customize Cookies<\/a>.<\/li>\n  \n  <li>Obtener informaci\u00f3n adicional en la p\u00e1gina de  <a href=\"https:\/\/gervisuals.com\/en\/cookie-policy\/\">Cookie Policy<\/a>.<\/li>\n<\/ul>\n<\/p>\n\n<p>\n\tPara restringir, bloquear o borrar las cookies de este Sitio Web (y las usada por terceros) puede hacerlo, en cualquier momento, modificando la configuraci\u00f3n de su navegador. Tenga en cuenta que esta configuraci\u00f3n es diferente en cada navegador.\n<\/p>\n\n<p> \n  En los siguientes enlaces encontrar\u00e1 instrucciones para habilitar o deshabilitar las cookies en los navegadores m\u00e1s comunes.\n<\/p>\n\n<p>\n  <ul>\n    <li><a rel=\"nofollow\" target=\"_blank\" href=\"http:\/\/support.mozilla.org\/es\/kb\/habilitar-y-deshabilitar-cookies-que-los-sitios-we\">Firefox<\/a><\/li>\n    <li><a target=\"_blank\" rel=\"noopener noreferrer nofollow\" href=\"https:\/\/support.google.com\/chrome\/answer\/95647?hl=es\">Google Chrome<\/a><\/li>\n    <li><a target=\"_blank\" rel=\"noopener noreferrer nofollow\" href='https:\/\/support.microsoft.com\/es-es\/help\/17442\/windows-internet-explorer-delete-manage-cookies#ie=\"ie-10'>Internet Explorer<\/a><\/li>\n    <li><a target=\"_blank\" rel=\"noopener noreferrer nofollow\" href='https:\/\/support.microsoft.com\/es-es\/help\/4468242\/microsoft-edge-browsing-data-and-privacy'>Microsoft Edge<\/a><\/li>\n    <li><a rel=\"nofollow\" target=\"_blank\" href=\"http:\/\/support.apple.com\/kb\/HT1677?viewlocale=es_ES\">Safari<\/a><\/li>\n  <\/ul>\n<\/p>\n\n\n<h2>\u00bfQu\u00e9 tipos de cookies se utilizan en esta p\u00e1gina web?<\/h2>\n\n<p>\n\tCada p\u00e1gina web utiliza sus propias cookies. En nuestra web utilizamos las que se indican a continuaci\u00f3n:\n<\/p>\n\n<p>\n\t<b>SEG\u00daN LA ENTIDAD QUE LO GESTIONA<\/b>\n<\/p>\n\n<p>\n\t<b>Cookies propias:<\/b>\n<\/p>\n\n<p>\n\tSon aquellas que se env\u00edan al equipo terminal del Usuario desde un equipo o dominio gestionado por el propio editor y desde el que se presta el servicio solicitado por el Usuario.\n<\/p>\n\n<p>\n\t<b>Cookies de terceros:<\/b>\n<\/p>\n\n<p>\n\tSon aquellas que se env\u00edan al equipo terminal del Usuario desde un equipo o dominio que no es gestionado por el editor, sino por otra entidad que trata los datos obtenidos trav\u00e9s de las cookies.\n<\/p>\n\n<p>\n\tEn el caso de que las cookies sean servidas desde un equipo o dominio gestionado por el propio editor, pero la informaci\u00f3n que se recoja mediante estas sea gestionada por un tercero, no pueden ser consideradas como cookies propias si el tercero las utiliza para sus propias finalidades (por ejemplo, la mejora de los servicios que presta o la prestaci\u00f3n de servicios de car\u00e1cter publicitario a favor de otras entidades).\n<\/p>\n\n<p>\n\t<b>SEG\u00daN SU FINALIDAD<\/b>\n<\/p>\n\n<p>\n\t<b>Cookies t\u00e9cnicas:<\/b>\n<\/p>\n\n<p>\n\tSon aquellas necesarias para la navegaci\u00f3n y el buen funcionamiento de nuestro Sitio Web, como por ejemplo, controlar el tr\u00e1fico y la comunicaci\u00f3n de datos, identificar la sesi\u00f3n, acceder a partes de acceso restringido,recordar los elementos que integran un pedido, realizar el proceso de compra de un pedido, gestionar el pago, controlar el fraude vinculado a la seguridad del servicio, realizar la solicitud de inscripci\u00f3n o participaci\u00f3n en un evento, contar visitas a efectos de la facturaci\u00f3n de licencias del software con el que funciona el servicio del Sitio Web, utilizar elementos de seguridad durante la navegaci\u00f3n, almacenar contenidos para la difusi\u00f3n de v\u00eddeos o sonido, habilitar contenidos din\u00e1micos (por ejemplo, animaci\u00f3n de carga de un texto o imagen) o compartir contenidos a trav\u00e9s de redes sociales.\n<\/p>\n\n<p>\n\t<b>Cookies de an\u00e1lisis:<\/b>\n<\/p>\n\n<p>\n\tPermiten cuantificar el n\u00famero de usuarios y as\u00ed realizar la medici\u00f3n y an\u00e1lisis estad\u00edstico de la utilizaci\u00f3n que hacen los usuarios del Sitio Web. Para ello se analiza su navegaci\u00f3n en nuestro Sitio Web con el fin de mejorar la oferta de productos o servicios que le ofrecemos.\n<\/p>\n\n<p>\n\t<b>Cookies de preferencias o personalizaci\u00f3n:<\/b>\n<\/p>\n\n<p>\n\tSon aquellas que permiten recordar informaci\u00f3n para que el Usuario acceda al servicio con determinadas caracter\u00edsticas que pueden diferenciar su experiencia de la de otros usuarios, como, por ejemplo, el idioma, el n\u00famero de resultados a mostrar cuando el Usuario realiza una b\u00fasqueda, el aspecto o contenido del servicio en funci\u00f3n del tipo de navegador a trav\u00e9s del cual el Usuario accede al servicio o de la regi\u00f3n desde la que accede al servicio, etc.\n<\/p>\n\n\n\n<p>\n\t<b>SEG\u00daN EL PLAZO DE TIEMPO QUE PERMANECEN ACTIVADAS<\/b>\n<\/p>\n\n<p>\n\t<b>Cookies de sesi\u00f3n:<\/b>\n<\/p>\n\n<p>\n\tSon aquellas dise\u00f1adas para recabar y almacenar datos mientras el Usuario accede a una p\u00e1gina web.\n<\/p>\n\n<p>\n\tSe suelen emplear para almacenar informaci\u00f3n que solo interesa conservar para la prestaci\u00f3n del servicio solicitado por el Usuario en una sola ocasi\u00f3n (por ejemplo, una lista de productos adquiridos) y desaparecen al terminar la sesi\u00f3n.\n<\/p>\n\n<p>\n\t<b>Cookies persistentes:<\/b>\n<\/p>\n\n<p>\n\tSon aquellas en las que los datos siguen almacenados en el terminal y pueden ser accedidos y tratados durante un periodo definido por el responsable de la cookie, y que puede ir de unos minutos a varios a\u00f1os. A este respecto debe valorarse espec\u00edficamente si es necesaria la utilizaci\u00f3n de cookies persistentes, puesto que los riesgos para la privacidad podr\u00edan reducirse mediante la utilizaci\u00f3n de cookies de sesi\u00f3n. En todo caso, cuando se instalen cookies persistentes, se recomienda reducir al m\u00ednimo necesario su duraci\u00f3n temporal atendiendo a la finalidad de su uso. A estos efectos, el Dictamen 4\/2012 del GT29 indic\u00f3 que para que una cookie pueda estar exenta del deber de consentimiento informado, su caducidad debe estar relacionada con su finalidad. Debido a ello, es mucho m\u00e1s probable que se consideren como exceptuadas las cookies de sesi\u00f3n que las persistentes.\n<\/p>\n\n\n<p>\n\t<b>Detalle de cookies utilizadas en esta web:<\/b>\n<\/p>\n\n<h1>Cookie Policy<\/h1>\n<p class=\"translation-block\">A cookie is a small text file that is stored in your browser when you visit almost any website. Its purpose is to enable the website to remember your visit when you return to that page. Cookies typically store technical information, personal preferences, content customization, usage statistics, links to social networks, access to user accounts, etc. The purpose of a cookie is to adapt the website's content to your profile and needs. Without cookies, the services offered by any website would be significantly diminished. If you would like more information about what cookies are, what they store, how to delete or disable them, etc., please visit this link.<\/p>\n<h2>Cookies used on this website<\/h2>\n<p class=\"translation-block\">Following the guidelines of the Spanish Data Protection Agency, we detail the use of cookies on this website in order to provide you with the most accurate information possible.<\/p>\n<p class=\"translation-block\">This website uses the following <strong>own cookies<\/strong>:<\/p>\n<ul>\n<li class=\"translation-block\">Session cookies, to ensure that users who write comments on the blog are human and not automated applications. This helps combat spam.<\/li>\n<\/ul>\n<p class=\"translation-block\">This website uses the following third-party cookies:<\/p>\n<ul>\n<li class=\"translation-block\">Google Analytics: Stores cookies to compile statistics on traffic and the number of visits to this website. By using this website, you consent to the processing of data about you by Google. Therefore, to exercise any rights in this regard, you must contact Google directly.<\/li>\n<li class=\"translation-block\">Social networks: Each social network uses its own cookies so that you can click on buttons such as Like or Share.<\/li>\n<\/ul>\n<h2>Disabling or deleting cookies<\/h2>\n<p class=\"translation-block\">You may exercise your right to disable or delete cookies from this website at any time. These actions are performed differently depending on the browser you are using. <a href=\"https:\/\/gervisuals.com\/en\/more-information-about-cookies\/#navegadores\" target=\"_self\">Here is a quick guide for the most popular browsers<\/a>.<\/p>\n<h2>Additional notes<\/h2>\n<ul>\n<li class=\"translation-block\">Neither this website nor its legal representatives are responsible for the content or veracity of the privacy policies that third parties mentioned in this cookie policy may have.<\/li>\n<li class=\"translation-block\">Web browsers are the tools responsible for storing cookies, and you must exercise your right to delete or deactivate them from this location. Neither this website nor its legal representatives can guarantee the correct or incorrect handling of cookies by the aforementioned browsers.<\/li>\n<li class=\"translation-block\">In some cases, it is necessary to install cookies so that the browser does not forget your decision not to accept them.<\/li>\n<li class=\"translation-block\">In the case of Google Analytics cookies, this company stores cookies on servers located in the United States and undertakes not to share them with third parties, except where necessary for the operation of the system or when required by law. According to Google, your IP address is not stored. Google Inc. is a company that adheres to the Safe Harbor Agreement, which guarantees that all transferred data will be treated with a level of protection in accordance with European regulations. You can consult detailed information on this matter <a href=\"http:\/\/safeharbor.export.gov\/companyinfo.aspx?id=16626\" target=\"_blank\" rel=\"noopener\">at this link<\/a>. If you would like information about Google's use of cookies, <a href=\"https:\/\/developers.google.com\/analytics\/devguides\/collection\/analyticsjs\/cookie-usage?hl=es&amp;csw=1\" target=\"_blank\" rel=\"noopener\">we attach this other link<\/a>.<\/li>\n<li class=\"translation-block\">If you have any questions or concerns about this cookie policy, please do not hesitate to contact us through the contact section.<\/li>\n<\/ul>\n<p class=\"translation-block\">Cookie Advisor is a <a href=\"http:\/\/wordpress.org\/plugins\/asesor-cookies-para-la-ley-en-espana\/\" target=\"_blank\" rel=\"noopener\">plugin for WordPress<\/a><\/p>","protected":false},"excerpt":{"rendered":"<p>\u00bfQu\u00e9 son las cookies? En ingl\u00e9s, el t\u00e9rmino &quot;cookie&quot; significa galleta, pero en el \u00e1mbito de la navegaci\u00f3n web, una &quot;cookie&quot; es algo completamente distinto. Cuando accede a nuestro Sitio Web, en el navegador de su dispositivo se almacena una peque\u00f1a cantidad de texto que se denomina &quot;cookie&quot;. Este texto contiene informaci\u00f3n variada sobre su [&hellip;]<\/p>","protected":false},"author":1,"featured_media":0,"parent":0,"menu_order":0,"comment_status":"closed","ping_status":"closed","template":"","meta":{"ocean_post_layout":"","ocean_both_sidebars_style":"","ocean_both_sidebars_content_width":0,"ocean_both_sidebars_sidebars_width":0,"ocean_sidebar":"0","ocean_second_sidebar":"0","ocean_disable_margins":"enable","ocean_add_body_class":"","ocean_shortcode_before_top_bar":"","ocean_shortcode_after_top_bar":"","ocean_shortcode_before_header":"","ocean_shortcode_after_header":"","ocean_has_shortcode":"","ocean_shortcode_after_title":"","ocean_shortcode_before_footer_widgets":"","ocean_shortcode_after_footer_widgets":"","ocean_shortcode_before_footer_bottom":"","ocean_shortcode_after_footer_bottom":"","ocean_display_top_bar":"default","ocean_display_header":"default","ocean_header_style":"","ocean_center_header_left_menu":"0","ocean_custom_header_template":"0","ocean_custom_logo":0,"ocean_custom_retina_logo":0,"ocean_custom_logo_max_width":0,"ocean_custom_logo_tablet_max_width":0,"ocean_custom_logo_mobile_max_width":0,"ocean_custom_logo_max_height":0,"ocean_custom_logo_tablet_max_height":0,"ocean_custom_logo_mobile_max_height":0,"ocean_header_custom_menu":"0","ocean_menu_typo_font_family":"0","ocean_menu_typo_font_subset":"","ocean_menu_typo_font_size":0,"ocean_menu_typo_font_size_tablet":0,"ocean_menu_typo_font_size_mobile":0,"ocean_menu_typo_font_size_unit":"px","ocean_menu_typo_font_weight":"","ocean_menu_typo_font_weight_tablet":"","ocean_menu_typo_font_weight_mobile":"","ocean_menu_typo_transform":"","ocean_menu_typo_transform_tablet":"","ocean_menu_typo_transform_mobile":"","ocean_menu_typo_line_height":0,"ocean_menu_typo_line_height_tablet":0,"ocean_menu_typo_line_height_mobile":0,"ocean_menu_typo_line_height_unit":"","ocean_menu_typo_spacing":0,"ocean_menu_typo_spacing_tablet":0,"ocean_menu_typo_spacing_mobile":0,"ocean_menu_typo_spacing_unit":"","ocean_menu_link_color":"","ocean_menu_link_color_hover":"","ocean_menu_link_color_active":"","ocean_menu_link_background":"","ocean_menu_link_hover_background":"","ocean_menu_link_active_background":"","ocean_menu_social_links_bg":"","ocean_menu_social_hover_links_bg":"","ocean_menu_social_links_color":"","ocean_menu_social_hover_links_color":"","ocean_disable_title":"default","ocean_disable_heading":"default","ocean_post_title":"","ocean_post_subheading":"","ocean_post_title_style":"","ocean_post_title_background_color":"","ocean_post_title_background":0,"ocean_post_title_bg_image_position":"","ocean_post_title_bg_image_attachment":"","ocean_post_title_bg_image_repeat":"","ocean_post_title_bg_image_size":"","ocean_post_title_height":0,"ocean_post_title_bg_overlay":0.5,"ocean_post_title_bg_overlay_color":"","ocean_disable_breadcrumbs":"default","ocean_breadcrumbs_color":"","ocean_breadcrumbs_separator_color":"","ocean_breadcrumbs_links_color":"","ocean_breadcrumbs_links_hover_color":"","ocean_display_footer_widgets":"default","ocean_display_footer_bottom":"on","ocean_custom_footer_template":"0","footnotes":""},"class_list":["post-502","page","type-page","status-publish","hentry","entry","owp-thumbs-layout-horizontal","owp-btn-normal","owp-tabs-layout-section","has-no-thumbnails","has-product-nav"],"jetpack_sharing_enabled":true,"_links":{"self":[{"href":"https:\/\/gervisuals.com\/en\/wp-json\/wp\/v2\/pages\/502","targetHints":{"allow":["GET"]}}],"collection":[{"href":"https:\/\/gervisuals.com\/en\/wp-json\/wp\/v2\/pages"}],"about":[{"href":"https:\/\/gervisuals.com\/en\/wp-json\/wp\/v2\/types\/page"}],"author":[{"embeddable":true,"href":"https:\/\/gervisuals.com\/en\/wp-json\/wp\/v2\/users\/1"}],"replies":[{"embeddable":true,"href":"https:\/\/gervisuals.com\/en\/wp-json\/wp\/v2\/comments?post=502"}],"version-history":[{"count":1,"href":"https:\/\/gervisuals.com\/en\/wp-json\/wp\/v2\/pages\/502\/revisions"}],"predecessor-version":[{"id":546,"href":"https:\/\/gervisuals.com\/en\/wp-json\/wp\/v2\/pages\/502\/revisions\/546"}],"wp:attachment":[{"href":"https:\/\/gervisuals.com\/en\/wp-json\/wp\/v2\/media?parent=502"}],"curies":[{"name":"wp","href":"https:\/\/api.w.org\/{rel}","templated":true}]}}