{"id":229,"date":"2020-12-21T19:17:17","date_gmt":"2020-12-21T19:17:17","guid":{"rendered":"https:\/\/gervisuals.com\/?post_type=product&#038;p=229"},"modified":"2025-07-14T05:16:21","modified_gmt":"2025-07-14T05:16:21","slug":"tutorial-fotomontaje-nivel-1","status":"publish","type":"product","link":"https:\/\/gervisuals.com\/en\/product\/tutorial-fotomontaje-nivel-1\/","title":{"rendered":"Fotomontaje en Photoshop nivel 1"},"content":{"rendered":"<p><strong>Tutorial de fotomontaje en Photoshop nivel 1.<\/strong><\/p>\n<p>En este videotutorial te ense\u00f1o paso a paso y en tiempo real c\u00f3mo conseguir, de manera r\u00e1pida y sencilla, el resultado final de esta composici\u00f3n a partir de 2 fotograf\u00edas.<\/p>\n<p><strong>Duraci\u00f3n:<\/strong> 37 minutos.<\/p>\n<p><strong>Aprender\u00e1s:<\/strong><\/p>\n<ul>\n<li>Recortar objetos con la herramienta pluma.<\/li>\n<li>Crear m\u00e1scaras para borrar de manera no destructiva.<\/li>\n<li>Integrar las dos fotograf\u00edas en una sola.<\/li>\n<li>Edici\u00f3n de color con Camera Raw.<\/li>\n<li>Igual colores y luces con Mapas de degradado para que el fotomontaje quede realista.<\/li>\n<li>Dar efectos de luz y profundidad.<\/li>\n<\/ul>\n<p><strong><br \/>\nEl tutorial incluye:<\/strong><\/p>\n<ul>\n<li>Videotutorial explicativo, que te podr\u00e1s descargar y ver cuantas veces quieras.<\/li>\n<li>Las 2 fotograf\u00edas necesarias para su realizaci\u00f3n.<\/li>\n<\/ul>\n<p><strong><br \/>\nRequisitos:<\/strong><\/p>\n<p>Tener instalado en tu ordenador Photoshop y Camera Raw. No es necesario ning\u00fan plugin ni acci\u00f3n externa.<\/p>\n<p>Queda totalmente prohibida la copia o distribuci\u00f3n de estos tutoriales sin permiso.<\/p>\n<p>&nbsp;<\/p>\n<div style=\"width: 1200px;\" class=\"wp-video\"><video class=\"wp-video-shortcode\" id=\"video-229-1\" width=\"1200\" height=\"675\" poster=\"https:\/\/gervisuals.com\/wp-content\/uploads\/2020\/12\/portadapeces.png\" preload=\"metadata\" controls=\"controls\"><source type=\"video\/mp4\" src=\"https:\/\/gervisuals.com\/wp-content\/uploads\/2020\/12\/FOTOMONTAJE1_APAISADO.mp4?_=1\" \/><a href=\"https:\/\/gervisuals.com\/wp-content\/uploads\/2020\/12\/FOTOMONTAJE1_APAISADO.mp4\">https:\/\/gervisuals.com\/wp-content\/uploads\/2020\/12\/FOTOMONTAJE1_APAISADO.mp4<\/a><\/video><\/div>\n<p>&nbsp;<\/p>\n<p><a class=\"dto-img\" href=\"#main\"><img fetchpriority=\"high\" decoding=\"async\" class=\"aligncenter wp-image-2869 size-large\" src=\"https:\/\/gervisuals.com\/wp-content\/uploads\/2025\/03\/BANDA_DESCUENTOS-2-1024x210.jpg\" alt=\"\" width=\"1024\" height=\"210\" srcset=\"https:\/\/gervisuals.com\/wp-content\/uploads\/2025\/03\/BANDA_DESCUENTOS-2-1024x210.jpg 1024w, https:\/\/gervisuals.com\/wp-content\/uploads\/2025\/03\/BANDA_DESCUENTOS-2-300x62.jpg 300w, https:\/\/gervisuals.com\/wp-content\/uploads\/2025\/03\/BANDA_DESCUENTOS-2-768x157.jpg 768w, https:\/\/gervisuals.com\/wp-content\/uploads\/2025\/03\/BANDA_DESCUENTOS-2-1536x315.jpg 1536w, https:\/\/gervisuals.com\/wp-content\/uploads\/2025\/03\/BANDA_DESCUENTOS-2-800x164.jpg 800w, https:\/\/gervisuals.com\/wp-content\/uploads\/2025\/03\/BANDA_DESCUENTOS-2.jpg 1600w\" sizes=\"(max-width: 1024px) 100vw, 1024px\" \/><\/a><\/p>","protected":false},"excerpt":{"rendered":"<p>Tutorial de fotomontaje en Photoshop nivel 1. En este videotutorial te ense\u00f1o paso a paso y en tiempo real c\u00f3mo conseguir, de manera r\u00e1pida y sencilla, el resultado final de esta composici\u00f3n a partir de 2 fotograf\u00edas. Duraci\u00f3n: 37 minutos. Aprender\u00e1s: Recortar objetos con la herramienta pluma. Crear m\u00e1scaras para borrar de manera no destructiva. [&hellip;]<\/p>","protected":false},"featured_media":2861,"comment_status":"open","ping_status":"closed","template":"","meta":{"ocean_post_layout":"","ocean_both_sidebars_style":"","ocean_both_sidebars_content_width":0,"ocean_both_sidebars_sidebars_width":0,"ocean_sidebar":"0","ocean_second_sidebar":"0","ocean_disable_margins":"enable","ocean_add_body_class":"","ocean_shortcode_before_top_bar":"","ocean_shortcode_after_top_bar":"","ocean_shortcode_before_header":"","ocean_shortcode_after_header":"","ocean_has_shortcode":"","ocean_shortcode_after_title":"","ocean_shortcode_before_footer_widgets":"","ocean_shortcode_after_footer_widgets":"","ocean_shortcode_before_footer_bottom":"","ocean_shortcode_after_footer_bottom":"","ocean_display_top_bar":"default","ocean_display_header":"default","ocean_header_style":"","ocean_center_header_left_menu":"0","ocean_custom_header_template":"0","ocean_custom_logo":0,"ocean_custom_retina_logo":0,"ocean_custom_logo_max_width":0,"ocean_custom_logo_tablet_max_width":0,"ocean_custom_logo_mobile_max_width":0,"ocean_custom_logo_max_height":0,"ocean_custom_logo_tablet_max_height":0,"ocean_custom_logo_mobile_max_height":0,"ocean_header_custom_menu":"0","ocean_menu_typo_font_family":"0","ocean_menu_typo_font_subset":"","ocean_menu_typo_font_size":0,"ocean_menu_typo_font_size_tablet":0,"ocean_menu_typo_font_size_mobile":0,"ocean_menu_typo_font_size_unit":"px","ocean_menu_typo_font_weight":"","ocean_menu_typo_font_weight_tablet":"","ocean_menu_typo_font_weight_mobile":"","ocean_menu_typo_transform":"","ocean_menu_typo_transform_tablet":"","ocean_menu_typo_transform_mobile":"","ocean_menu_typo_line_height":0,"ocean_menu_typo_line_height_tablet":0,"ocean_menu_typo_line_height_mobile":0,"ocean_menu_typo_line_height_unit":"","ocean_menu_typo_spacing":0,"ocean_menu_typo_spacing_tablet":0,"ocean_menu_typo_spacing_mobile":0,"ocean_menu_typo_spacing_unit":"","ocean_menu_link_color":"","ocean_menu_link_color_hover":"","ocean_menu_link_color_active":"","ocean_menu_link_background":"","ocean_menu_link_hover_background":"","ocean_menu_link_active_background":"","ocean_menu_social_links_bg":"","ocean_menu_social_hover_links_bg":"","ocean_menu_social_links_color":"","ocean_menu_social_hover_links_color":"","ocean_disable_title":"default","ocean_disable_heading":"default","ocean_post_title":"","ocean_post_subheading":"","ocean_post_title_style":"","ocean_post_title_background_color":"","ocean_post_title_background":0,"ocean_post_title_bg_image_position":"","ocean_post_title_bg_image_attachment":"","ocean_post_title_bg_image_repeat":"","ocean_post_title_bg_image_size":"","ocean_post_title_height":0,"ocean_post_title_bg_overlay":0.5,"ocean_post_title_bg_overlay_color":"","ocean_disable_breadcrumbs":"default","ocean_breadcrumbs_color":"","ocean_breadcrumbs_separator_color":"","ocean_breadcrumbs_links_color":"","ocean_breadcrumbs_links_hover_color":"","ocean_display_footer_widgets":"default","ocean_display_footer_bottom":"default","ocean_custom_footer_template":"0"},"product_brand":[],"product_cat":[17],"product_tag":[],"class_list":{"0":"post-229","1":"product","2":"type-product","3":"status-publish","4":"has-post-thumbnail","6":"product_cat-videotutoriales","8":"entry","9":"has-media","11":"first","12":"instock","13":"downloadable","14":"virtual","15":"purchasable","16":"product-type-simple","17":"has-rating","18":"has-product-nav","19":"col","20":"span_1_of_3","21":"owp-content-center","22":"owp-thumbs-layout-horizontal","23":"owp-btn-normal","24":"owp-tabs-layout-section"},"jetpack_sharing_enabled":true,"_links":{"self":[{"href":"https:\/\/gervisuals.com\/en\/wp-json\/wp\/v2\/product\/229","targetHints":{"allow":["GET"]}}],"collection":[{"href":"https:\/\/gervisuals.com\/en\/wp-json\/wp\/v2\/product"}],"about":[{"href":"https:\/\/gervisuals.com\/en\/wp-json\/wp\/v2\/types\/product"}],"replies":[{"embeddable":true,"href":"https:\/\/gervisuals.com\/en\/wp-json\/wp\/v2\/comments?post=229"}],"wp:featuredmedia":[{"embeddable":true,"href":"https:\/\/gervisuals.com\/en\/wp-json\/wp\/v2\/media\/2861"}],"wp:attachment":[{"href":"https:\/\/gervisuals.com\/en\/wp-json\/wp\/v2\/media?parent=229"}],"wp:term":[{"taxonomy":"product_brand","embeddable":true,"href":"https:\/\/gervisuals.com\/en\/wp-json\/wp\/v2\/product_brand?post=229"},{"taxonomy":"product_cat","embeddable":true,"href":"https:\/\/gervisuals.com\/en\/wp-json\/wp\/v2\/product_cat?post=229"},{"taxonomy":"product_tag","embeddable":true,"href":"https:\/\/gervisuals.com\/en\/wp-json\/wp\/v2\/product_tag?post=229"}],"curies":[{"name":"wp","href":"https:\/\/api.w.org\/{rel}","templated":true}]}}