{"id":3560,"date":"2025-05-09T14:21:22","date_gmt":"2025-05-09T14:21:22","guid":{"rendered":"https:\/\/gervisuals.com\/?post_type=product&#038;p=3560"},"modified":"2025-05-20T12:29:37","modified_gmt":"2025-05-20T12:29:37","slug":"curso-fotomontaje-nivel-avanzado","status":"publish","type":"product","link":"https:\/\/gervisuals.com\/en\/product\/curso-fotomontaje-nivel-avanzado\/","title":{"rendered":"Curso Fotomontaje NIVEL AVANZADO"},"content":{"rendered":"<p><strong>Curso de fotomontaje en Photoshop NIVEL AVANZADO en espa\u00f1ol<\/strong><\/p>\n<p>Aprende a realizar este fotomontaje conmigo paso a paso, consiguiendo un resultado profesional que dejar\u00e1 a todos con la boca abierta.<\/p>\n<p><strong>Duraci\u00f3n:<\/strong> M\u00e1s de 8 horas.<\/p>\n<p>&nbsp;<\/p>\n<ul>\n<li><strong>M\u00f3dulo 1. Buscando la imagen perfecta:<\/strong><br \/>\n<strong>Los bancos de im\u00e1genes.<\/strong><br \/>\nComenzar\u00e1s saliendo a recolectar los ingredientes para tu fant\u00e1stica receta. Porque buscar las im\u00e1genes<br \/>\nadecuadas para hacer un buen fotomontaje es d\u00f3nde realmente empieza la magia.<br \/>\n<strong>Lecciones:<\/strong><br \/>\nLecci\u00f3n 1: Tipos de bancos de im\u00e1genes: de pago y gratuitos<br \/>\nLecci\u00f3n 2: Las claves del buen buscador: Cosas a tener en cuenta a la hora de buscar im\u00e1genes.<br \/>\nLecci\u00f3n 3: Lecci\u00f3n 3: Selecci\u00f3n de im\u00e1genes del curso<\/li>\n<\/ul>\n<p>&nbsp;<\/p>\n<ul>\n<li><strong>M\u00f3dulo 2. Idear la composici\u00f3n inicial:<\/strong><br \/>\n<strong>El lienzo en blanco.<\/strong><br \/>\nEs el momento de idear tu fotomontaje para conseguir un buen flujo de trabajo. Entender\u00e1s los secretos<br \/>\npara crear un lienzo de trabajo sobre el que hacer el fotomontaje del curso.<br \/>\nLecciones:<br \/>\nLecci\u00f3n 1: Creaci\u00f3n del lienzo<br \/>\nLecci\u00f3n 2: Composici\u00f3n inicial<br \/>\nCreaci\u00f3n de nuestro lienzo de trabajo en Photoshop.<br \/>\nComposici\u00f3n inicial con todos los elementos para nuestro fotomontaje.<\/li>\n<\/ul>\n<p>&nbsp;<\/p>\n<ul>\n<li><strong>M\u00f3dulo 3. Edici\u00f3n de nuest<\/strong><strong>ro personaje al estilo fine art.<\/strong><br \/>\nSabr\u00e1s c\u00f3mo crear un personaje de ensue\u00f1o, al estilo fine art, para cautivar con tu mundo de fantas\u00eda<br \/>\na quien lo vea. Aprender\u00e1s el uso de la t\u00e9cnicas necesarias: desde el perfeccionamiento de la piel, hasta<br \/>\nel trabajo con vol\u00famenes o maquillaje digital, para dar un aspecto pict\u00f3rico y \u00e9pico a tu protagonista.<br \/>\n<strong>Lecciones:<\/strong><br \/>\nLecci\u00f3n 1: Uso de Camera Raw<br \/>\nLecci\u00f3n 2: Piel Fine Art<br \/>\nLecci\u00f3n 3: Juego de vol\u00famenes<br \/>\nLecci\u00f3n 4: Maquillaje digital<br \/>\nLecci\u00f3n 5: Silueteado y enmascarado<br \/>\nLecci\u00f3n 6: A\u00f1adir fantas\u00eda<br \/>\nUso de CAMERA RAW para edici\u00f3n inicial del personaje.<br \/>\nExplicaci\u00f3n de la t\u00e9cnica SEPARACI\u00d3N DE FRECUENCIAS para perfeccionar la piel al estilo Fine Art.<br \/>\nExplicaci\u00f3n de la t\u00e9cnica GLOBAL DODGE &amp; BURN para aplicar m\u00e1s volumen al personaje.<br \/>\nT\u00e9cnicas de maquillaje digital para darle m\u00e1s color a nuestro personaje.<br \/>\nSilueteado y enmascarado de nuestro personaje.<br \/>\nAdici\u00f3n de elementos como plantas y telas para darle un toque de fantas\u00eda a nuestro retrato.<\/li>\n<\/ul>\n<p>&nbsp;<\/p>\n<ul>\n<li><strong>M\u00f3dulo 4. Elecci\u00f3n de nuestro fondo:<\/strong><br \/>\n<strong>\u00a1Empieza la magia!<\/strong><br \/>\nCrear\u00e1s el escenario de tu imagen con magia. Aprender\u00e1s c\u00f3mo usar Camera Raw para mejorar tus<br \/>\nim\u00e1genes, practicar\u00e1s t\u00e9cnicas de silueteado, enmascarado y desenfoque y empezar\u00e1s a integrar los<br \/>\nelementos del fotomontaje para que vaya cogiendo forma.<br \/>\n<strong>Lecciones:<\/strong><br \/>\nLecci\u00f3n 1: Uso de Camera Raw<br \/>\nLecci\u00f3n 2: Silueteado y enmascarado<br \/>\nLecci\u00f3n 3: Integraci\u00f3n de elementos<br \/>\nLecci\u00f3n 4: A\u00f1adir profundidad<br \/>\nUso de CAMERA RAW para editar luces y colores.<br \/>\nT\u00e9cnicas de silueteado y enmascarado para recortar los distintos elementos.<br \/>\nIntegraci\u00f3n de elementos mediante mapas de degradado y aplicaciones de luces y sombras.<br \/>\nT\u00e9cnicas de desenfoque para a\u00f1adir profundidad a nuestras ediciones.<\/li>\n<\/ul>\n<p>&nbsp;<\/p>\n<ul>\n<li><strong>M\u00f3dulo 5. A\u00f1adiendo espectacularidad:<\/strong><br \/>\n<strong>Los elementos overlays.<\/strong><br \/>\nNo hay fotomontaje fant\u00e1stico que se precie sin una buena decoraci\u00f3n que te ayude a dar profundidad<br \/>\ny espectacularidad a tu dise\u00f1o. En este m\u00f3dulo aprender\u00e1s a elegir e integrar los elementos decorativos<br \/>\nnecesarios para conseguir una fotograf\u00eda pict\u00f3rica que evoque enso\u00f1aci\u00f3n y fantas\u00eda en quien la vea.<br \/>\n<strong>Lecciones:<\/strong><br \/>\nLecci\u00f3n 1: Los elementos decorativos<br \/>\nAdici\u00f3n de elementos decorativos que nos van ayudar a dar m\u00e1s profundidad y espectacularidad a<br \/>\nnuestro dise\u00f1o, como fuego, part\u00edculas, humo\u2026 Llev\u00e1ndolo al terreno de la fotograf\u00eda pict\u00f3rica.<\/li>\n<\/ul>\n<p>&nbsp;<\/p>\n<ul>\n<li><strong>M\u00f3dulo 6. Retoques finales:<\/strong><br \/>\nLos retoques finales de tu composici\u00f3n son los m\u00e1s importantes para lograr un buen acabado. En este<br \/>\nm\u00f3dulo descubrir\u00e1s las claves para triunfar con tus montajes y conseguir la \u201cfotomagia\u201d.<br \/>\n<strong>Lecciones:<\/strong><br \/>\nLecci\u00f3n 1: Uso de Camera Raw<br \/>\nLecci\u00f3n 2: Tu toque de color<br \/>\nLecci\u00f3n 3: C\u00f3mo deslumbrar<br \/>\nUso de CAMERA RAW para unificar luces y colores del montaje completo.<br \/>\nT\u00e9cnicas de colorimetr\u00eda para darle un toque personal a nuestro dise\u00f1o.<br \/>\n\u00daltimas correcciones para terminar de perfeccionar nuestra edici\u00f3n y deslumbrar con nuestra creaci\u00f3n.<\/p>\n<p><strong>El tutorial incluye: <\/strong>M\u00e1s de 8 horas de v\u00eddeos explicativos que te podr\u00e1s descargar y ver cuantas veces quieras.<br \/>\nTodas las fotograf\u00edas necesarias para su realizaci\u00f3n.<\/p>\n<p><strong>Requisitos: <\/strong>Tener instalado en tu ordenador Photoshop y Camera Raw. No es necesario ning\u00fan plugin ni acci\u00f3n externa.<br \/>\nQueda totalmente prohibida la copia o distribuci\u00f3n de estos tutoriales sin permiso.<\/li>\n<\/ul>","protected":false},"excerpt":{"rendered":"<p>Curso de fotomontaje en Photoshop NIVEL AVANZADO en espa\u00f1ol Aprende a realizar este fotomontaje conmigo paso a paso, consiguiendo un resultado profesional que dejar\u00e1 a todos con la boca abierta. Duraci\u00f3n: M\u00e1s de 8 horas. &nbsp; M\u00f3dulo 1. Buscando la imagen perfecta: Los bancos de im\u00e1genes. Comenzar\u00e1s saliendo a recolectar los ingredientes para tu fant\u00e1stica [&hellip;]<\/p>","protected":false},"featured_media":3590,"comment_status":"open","ping_status":"closed","template":"","meta":{"ocean_post_layout":"","ocean_both_sidebars_style":"","ocean_both_sidebars_content_width":0,"ocean_both_sidebars_sidebars_width":0,"ocean_sidebar":"0","ocean_second_sidebar":"0","ocean_disable_margins":"enable","ocean_add_body_class":"","ocean_shortcode_before_top_bar":"","ocean_shortcode_after_top_bar":"","ocean_shortcode_before_header":"","ocean_shortcode_after_header":"","ocean_has_shortcode":"","ocean_shortcode_after_title":"","ocean_shortcode_before_footer_widgets":"","ocean_shortcode_after_footer_widgets":"","ocean_shortcode_before_footer_bottom":"","ocean_shortcode_after_footer_bottom":"","ocean_display_top_bar":"default","ocean_display_header":"default","ocean_header_style":"","ocean_center_header_left_menu":"0","ocean_custom_header_template":"0","ocean_custom_logo":0,"ocean_custom_retina_logo":0,"ocean_custom_logo_max_width":0,"ocean_custom_logo_tablet_max_width":0,"ocean_custom_logo_mobile_max_width":0,"ocean_custom_logo_max_height":0,"ocean_custom_logo_tablet_max_height":0,"ocean_custom_logo_mobile_max_height":0,"ocean_header_custom_menu":"0","ocean_menu_typo_font_family":"0","ocean_menu_typo_font_subset":"","ocean_menu_typo_font_size":0,"ocean_menu_typo_font_size_tablet":0,"ocean_menu_typo_font_size_mobile":0,"ocean_menu_typo_font_size_unit":"px","ocean_menu_typo_font_weight":"","ocean_menu_typo_font_weight_tablet":"","ocean_menu_typo_font_weight_mobile":"","ocean_menu_typo_transform":"","ocean_menu_typo_transform_tablet":"","ocean_menu_typo_transform_mobile":"","ocean_menu_typo_line_height":0,"ocean_menu_typo_line_height_tablet":0,"ocean_menu_typo_line_height_mobile":0,"ocean_menu_typo_line_height_unit":"","ocean_menu_typo_spacing":0,"ocean_menu_typo_spacing_tablet":0,"ocean_menu_typo_spacing_mobile":0,"ocean_menu_typo_spacing_unit":"","ocean_menu_link_color":"","ocean_menu_link_color_hover":"","ocean_menu_link_color_active":"","ocean_menu_link_background":"","ocean_menu_link_hover_background":"","ocean_menu_link_active_background":"","ocean_menu_social_links_bg":"","ocean_menu_social_hover_links_bg":"","ocean_menu_social_links_color":"","ocean_menu_social_hover_links_color":"","ocean_disable_title":"default","ocean_disable_heading":"default","ocean_post_title":"","ocean_post_subheading":"","ocean_post_title_style":"","ocean_post_title_background_color":"","ocean_post_title_background":0,"ocean_post_title_bg_image_position":"","ocean_post_title_bg_image_attachment":"","ocean_post_title_bg_image_repeat":"","ocean_post_title_bg_image_size":"","ocean_post_title_height":0,"ocean_post_title_bg_overlay":0.5,"ocean_post_title_bg_overlay_color":"","ocean_disable_breadcrumbs":"default","ocean_breadcrumbs_color":"","ocean_breadcrumbs_separator_color":"","ocean_breadcrumbs_links_color":"","ocean_breadcrumbs_links_hover_color":"","ocean_display_footer_widgets":"default","ocean_display_footer_bottom":"default","ocean_custom_footer_template":"0"},"product_brand":[],"product_cat":[17],"product_tag":[],"class_list":{"0":"post-3560","1":"product","2":"type-product","3":"status-publish","4":"has-post-thumbnail","6":"product_cat-videotutoriales","8":"entry","9":"has-media","11":"first","12":"instock","13":"downloadable","14":"virtual","15":"taxable","16":"purchasable","17":"product-type-simple","18":"has-rating","19":"has-product-nav","20":"col","21":"span_1_of_3","22":"owp-content-center","23":"owp-thumbs-layout-horizontal","24":"owp-btn-normal","25":"owp-tabs-layout-section"},"jetpack_sharing_enabled":true,"_links":{"self":[{"href":"https:\/\/gervisuals.com\/en\/wp-json\/wp\/v2\/product\/3560","targetHints":{"allow":["GET"]}}],"collection":[{"href":"https:\/\/gervisuals.com\/en\/wp-json\/wp\/v2\/product"}],"about":[{"href":"https:\/\/gervisuals.com\/en\/wp-json\/wp\/v2\/types\/product"}],"replies":[{"embeddable":true,"href":"https:\/\/gervisuals.com\/en\/wp-json\/wp\/v2\/comments?post=3560"}],"wp:featuredmedia":[{"embeddable":true,"href":"https:\/\/gervisuals.com\/en\/wp-json\/wp\/v2\/media\/3590"}],"wp:attachment":[{"href":"https:\/\/gervisuals.com\/en\/wp-json\/wp\/v2\/media?parent=3560"}],"wp:term":[{"taxonomy":"product_brand","embeddable":true,"href":"https:\/\/gervisuals.com\/en\/wp-json\/wp\/v2\/product_brand?post=3560"},{"taxonomy":"product_cat","embeddable":true,"href":"https:\/\/gervisuals.com\/en\/wp-json\/wp\/v2\/product_cat?post=3560"},{"taxonomy":"product_tag","embeddable":true,"href":"https:\/\/gervisuals.com\/en\/wp-json\/wp\/v2\/product_tag?post=3560"}],"curies":[{"name":"wp","href":"https:\/\/api.w.org\/{rel}","templated":true}]}}