{"id":3781,"date":"2025-11-30T10:54:12","date_gmt":"2025-11-30T10:54:12","guid":{"rendered":"https:\/\/gervisuals.com\/?post_type=product&#038;p=3781"},"modified":"2025-12-16T16:23:39","modified_gmt":"2025-12-16T16:23:39","slug":"workshop-online-13-de-a","status":"publish","type":"product","link":"https:\/\/gervisuals.com\/en\/product\/workshop-online-13-de-a\/","title":{"rendered":"Grabaci\u00f3n Workshop retrato art\u00edstico"},"content":{"rendered":"<p><strong>Grabaci\u00f3n del Workshop de Edici\u00f3n de Photoshop que realic\u00e9 el 13 de diciembre de 2025<\/strong><\/p>\n<p data-start=\"112\" data-end=\"186\"><b>V\u00eddeo en diferido de la clase completa.<\/b><\/p>\n<p data-start=\"188\" data-end=\"424\">Aprende mi proceso completo de edici\u00f3n en Photoshop en directo, paso a paso y sin secretos. En este workshop cre\u00e9 esta imagen desde cero mientras fui explicandocada decisi\u00f3n, t\u00e9cnica y ajuste que utilizo en mis montajes profesionales.<\/p>\n<p data-start=\"188\" data-end=\"424\">Adem\u00e1s resolv\u00ed las dudas que me iban preguntando los alumnos.<\/p>\n<p data-start=\"841\" data-end=\"914\"><strong data-start=\"841\" data-end=\"852\">Precio:<\/strong> 80\u20ac<br data-start=\"857\" data-end=\"860\" \/><strong data-start=\"860\" data-end=\"875\">Duraci\u00f3n:<\/strong> 3h 30min.<\/p>\n<p data-start=\"916\" data-end=\"1042\">Perfecto para quien quiera mejorar su nivel, descubrir un flujo profesional de edici\u00f3n o vivir un directo m\u00e1s cercano conmigo.<\/p>\n<div style=\"width: 1200px;\" class=\"wp-video\"><video class=\"wp-video-shortcode\" id=\"video-3781-1\" width=\"1200\" height=\"675\" preload=\"metadata\" controls=\"controls\"><source type=\"video\/mp4\" src=\"https:\/\/gervisuals.com\/wp-content\/uploads\/2025\/11\/VIDEO_WORKSHOP_HORIZONTAL2.mp4?_=1\" \/><a href=\"https:\/\/gervisuals.com\/wp-content\/uploads\/2025\/11\/VIDEO_WORKSHOP_HORIZONTAL2.mp4\">https:\/\/gervisuals.com\/wp-content\/uploads\/2025\/11\/VIDEO_WORKSHOP_HORIZONTAL2.mp4<\/a><\/video><\/div>\n<p>&nbsp;<\/p>","protected":false},"excerpt":{"rendered":"<p>Grabaci\u00f3n del Workshop de Edici\u00f3n de Photoshop que realic\u00e9 el 13 de diciembre de 2025 V\u00eddeo en diferido de la clase completa. Aprende mi proceso completo de edici\u00f3n en Photoshop en directo, paso a paso y sin secretos. En este workshop cre\u00e9 esta imagen desde cero mientras fui explicandocada decisi\u00f3n, t\u00e9cnica y ajuste que utilizo [&hellip;]<\/p>","protected":false},"featured_media":3787,"comment_status":"open","ping_status":"closed","template":"","meta":{"ocean_post_layout":"","ocean_both_sidebars_style":"","ocean_both_sidebars_content_width":0,"ocean_both_sidebars_sidebars_width":0,"ocean_sidebar":"0","ocean_second_sidebar":"0","ocean_disable_margins":"enable","ocean_add_body_class":"","ocean_shortcode_before_top_bar":"","ocean_shortcode_after_top_bar":"","ocean_shortcode_before_header":"","ocean_shortcode_after_header":"","ocean_has_shortcode":"","ocean_shortcode_after_title":"","ocean_shortcode_before_footer_widgets":"","ocean_shortcode_after_footer_widgets":"","ocean_shortcode_before_footer_bottom":"","ocean_shortcode_after_footer_bottom":"","ocean_display_top_bar":"default","ocean_display_header":"default","ocean_header_style":"","ocean_center_header_left_menu":"0","ocean_custom_header_template":"0","ocean_custom_logo":0,"ocean_custom_retina_logo":0,"ocean_custom_logo_max_width":0,"ocean_custom_logo_tablet_max_width":0,"ocean_custom_logo_mobile_max_width":0,"ocean_custom_logo_max_height":0,"ocean_custom_logo_tablet_max_height":0,"ocean_custom_logo_mobile_max_height":0,"ocean_header_custom_menu":"0","ocean_menu_typo_font_family":"0","ocean_menu_typo_font_subset":"","ocean_menu_typo_font_size":0,"ocean_menu_typo_font_size_tablet":0,"ocean_menu_typo_font_size_mobile":0,"ocean_menu_typo_font_size_unit":"px","ocean_menu_typo_font_weight":"","ocean_menu_typo_font_weight_tablet":"","ocean_menu_typo_font_weight_mobile":"","ocean_menu_typo_transform":"","ocean_menu_typo_transform_tablet":"","ocean_menu_typo_transform_mobile":"","ocean_menu_typo_line_height":0,"ocean_menu_typo_line_height_tablet":0,"ocean_menu_typo_line_height_mobile":0,"ocean_menu_typo_line_height_unit":"","ocean_menu_typo_spacing":0,"ocean_menu_typo_spacing_tablet":0,"ocean_menu_typo_spacing_mobile":0,"ocean_menu_typo_spacing_unit":"","ocean_menu_link_color":"","ocean_menu_link_color_hover":"","ocean_menu_link_color_active":"","ocean_menu_link_background":"","ocean_menu_link_hover_background":"","ocean_menu_link_active_background":"","ocean_menu_social_links_bg":"","ocean_menu_social_hover_links_bg":"","ocean_menu_social_links_color":"","ocean_menu_social_hover_links_color":"","ocean_disable_title":"default","ocean_disable_heading":"default","ocean_post_title":"","ocean_post_subheading":"","ocean_post_title_style":"","ocean_post_title_background_color":"","ocean_post_title_background":0,"ocean_post_title_bg_image_position":"","ocean_post_title_bg_image_attachment":"","ocean_post_title_bg_image_repeat":"","ocean_post_title_bg_image_size":"","ocean_post_title_height":0,"ocean_post_title_bg_overlay":0.5,"ocean_post_title_bg_overlay_color":"","ocean_disable_breadcrumbs":"default","ocean_breadcrumbs_color":"","ocean_breadcrumbs_separator_color":"","ocean_breadcrumbs_links_color":"","ocean_breadcrumbs_links_hover_color":"","ocean_display_footer_widgets":"default","ocean_display_footer_bottom":"default","ocean_custom_footer_template":"0"},"product_brand":[],"product_cat":[20],"product_tag":[],"class_list":{"0":"post-3781","1":"product","2":"type-product","3":"status-publish","4":"has-post-thumbnail","6":"product_cat-workshops","8":"entry","9":"has-media","11":"first","12":"instock","13":"downloadable","14":"virtual","15":"taxable","16":"purchasable","17":"product-type-simple","18":"has-product-nav","19":"col","20":"span_1_of_3","21":"owp-content-center","22":"owp-thumbs-layout-horizontal","23":"owp-btn-normal","24":"owp-tabs-layout-section"},"jetpack_sharing_enabled":true,"_links":{"self":[{"href":"https:\/\/gervisuals.com\/en\/wp-json\/wp\/v2\/product\/3781","targetHints":{"allow":["GET"]}}],"collection":[{"href":"https:\/\/gervisuals.com\/en\/wp-json\/wp\/v2\/product"}],"about":[{"href":"https:\/\/gervisuals.com\/en\/wp-json\/wp\/v2\/types\/product"}],"replies":[{"embeddable":true,"href":"https:\/\/gervisuals.com\/en\/wp-json\/wp\/v2\/comments?post=3781"}],"wp:featuredmedia":[{"embeddable":true,"href":"https:\/\/gervisuals.com\/en\/wp-json\/wp\/v2\/media\/3787"}],"wp:attachment":[{"href":"https:\/\/gervisuals.com\/en\/wp-json\/wp\/v2\/media?parent=3781"}],"wp:term":[{"taxonomy":"product_brand","embeddable":true,"href":"https:\/\/gervisuals.com\/en\/wp-json\/wp\/v2\/product_brand?post=3781"},{"taxonomy":"product_cat","embeddable":true,"href":"https:\/\/gervisuals.com\/en\/wp-json\/wp\/v2\/product_cat?post=3781"},{"taxonomy":"product_tag","embeddable":true,"href":"https:\/\/gervisuals.com\/en\/wp-json\/wp\/v2\/product_tag?post=3781"}],"curies":[{"name":"wp","href":"https:\/\/api.w.org\/{rel}","templated":true}]}}